{"id":24,"date":"2018-06-19T16:31:55","date_gmt":"2018-06-19T16:31:55","guid":{"rendered":"http:\/\/enfant.com.mx\/?page_id=24"},"modified":"2019-12-06T21:36:45","modified_gmt":"2019-12-06T21:36:45","slug":"enfant-caucel","status":"publish","type":"page","link":"http:\/\/enfant.com.mx\/?page_id=24","title":{"rendered":"ENFANT CAUCEL"},"content":{"rendered":"<p>[vc_row][vc_column width=&#8221;1\/1&#8243;]<div class=\"single_image wpb_content_element align-left   \" data-animation=\"none\" data-delay=\"0\"><img width=\"700\" height=\"350\" src=\"http:\/\/enfant.com.mx\/wp-content\/uploads\/2019\/12\/76765630_2501573266628149_1958282242597847040_n.jpg\" class=\"attachment-full\" alt=\"\" loading=\"lazy\" srcset=\"http:\/\/enfant.com.mx\/wp-content\/uploads\/2019\/12\/76765630_2501573266628149_1958282242597847040_n.jpg 700w, http:\/\/enfant.com.mx\/wp-content\/uploads\/2019\/12\/76765630_2501573266628149_1958282242597847040_n-300x150.jpg 300w\" sizes=\"(max-width: 700px) 100vw, 700px\" \/><\/div>[vc_column_text]<strong>Informes\u00a0 Enfant Caucel<\/strong><\/p>\n<p><strong>Tel\u00e9fono<\/strong>:\u00a0565-10-98 o al 565-10-99<\/p>\n<p><strong>Whatsapp:\u00a0<\/strong>9999491429[\/vc_column_text][vc_column_text]<\/p>\n<h2><strong>REQUISITOS PARA LA INSCRIPCI\u00d3N:<\/strong><\/h2>\n<p>[\/vc_column_text][vc_column_text]Documentos a presentar para realizar el tr\u00e1mite:<\/p>\n<ul>\n<li>Acta nacimiento.<\/li>\n<li>Comprobante de inscripci\u00f3n como beneficiario.<\/li>\n<li>Curp.<\/li>\n<li>Solicitud de examen m\u00e9dico de admisi\u00f3n.<\/li>\n<li>Cartilla nacional de vacunaci\u00f3n (actualizada y con fotograf\u00eda).<\/li>\n<\/ul>\n<p>Del trabajador (a) asegurado (a):<\/p>\n<ul>\n<li>Comprobante de certificado de vigencia de control del derecho a servicio de guarder\u00edas.<\/li>\n<li>Curp.<\/li>\n<li>Constancia de trabajo expedida por el patr\u00f3n, la cual deber\u00e1 contener los siguientes datos: Nombre o raz\u00f3n social de la empresa donde labora, direcci\u00f3n, tel\u00e9fono, registro patronal, horario de trabajo, d\u00edas de descanso, periodos vacacionales, firma del patr\u00f3n o de representante legal; Esta constancia deber\u00e1 tener como m\u00e1ximo 30 d\u00edas naturales.<\/li>\n<li>Curp e ife de las personas o autoridades para entregar o recoger al ni\u00f1o.<\/li>\n<\/ul>\n<p>[\/vc_column_text]<div class=\"newdivider align-center\" style=\"border-bottom-style: solid; border-color: #999999; border-bottom-width: 1px; margin-top: 0; margin-bottom: 0; width: 100%; \"><\/div><div class=\"clear\"><\/div>[\/vc_column][\/vc_row][vc_row][vc_column width=&#8221;1\/2&#8243;]<div class=\"single_image wpb_content_element align-left   \" data-animation=\"none\" data-delay=\"0\"><img width=\"375\" height=\"228\" src=\"http:\/\/enfant.com.mx\/wp-content\/uploads\/2018\/07\/SIAG-Edades-Cambios-de-Sala.jpg\" class=\"attachment-full\" alt=\"\" loading=\"lazy\" srcset=\"http:\/\/enfant.com.mx\/wp-content\/uploads\/2018\/07\/SIAG-Edades-Cambios-de-Sala.jpg 375w, http:\/\/enfant.com.mx\/wp-content\/uploads\/2018\/07\/SIAG-Edades-Cambios-de-Sala-300x182.jpg 300w\" sizes=\"(max-width: 375px) 100vw, 375px\" \/><\/div>[\/vc_column][vc_column width=&#8221;1\/2&#8243;]<div class=\"flexslider wpb_content_element\"><ul class=\"slides\"><li><img src=\"http:\/\/enfant.com.mx\/wp-content\/uploads\/2018\/07\/kinder.jpg\" alt=\"\" \/><\/li><\/ul><\/div>[\/vc_column][\/vc_row]<\/p>\n<!-- AddThis Advanced Settings generic via filter on the_content --><!-- AddThis Share Buttons generic via filter on the_content -->","protected":false},"excerpt":{"rendered":"<p>[vc_row][vc_column width=&#8221;1\/1&#8243;][vc_column_text]Informes\u00a0 Enfant Caucel Tel\u00e9fono:\u00a0565-10-98 o al 565-10-99 Whatsapp:\u00a09999491429[\/vc_column_text][vc_column_text] REQUISITOS PARA LA INSCRIPCI\u00d3N: [\/vc_column_text][vc_column_text]Documentos a presentar para realizar el tr\u00e1mite: Acta nacimiento. Comprobante de inscripci\u00f3n como beneficiario. Curp. Solicitud de examen m\u00e9dico de admisi\u00f3n. Cartilla nacional de vacunaci\u00f3n (actualizada y con fotograf\u00eda). Del trabajador (a) asegurado (a): Comprobante de certificado de vigencia de control del derecho a servicio de guarder\u00edas. Curp. Constancia de trabajo expedida por el patr\u00f3n, la cual deber\u00e1 contener los siguientes datos: Nombre o raz\u00f3n social de la empresa donde labora, direcci\u00f3n, tel\u00e9fono, registro patronal, horario de trabajo, d\u00edas de descanso, periodos vacacionales, firma del patr\u00f3n o de representante legal; Esta constancia deber\u00e1 tener como m\u00e1ximo 30 d\u00edas naturales. Curp e ife de las personas o autoridades para entregar o recoger al ni\u00f1o. [\/vc_column_text][\/vc_column][\/vc_row][vc_row][vc_column width=&#8221;1\/2&#8243;][\/vc_column][vc_column width=&#8221;1\/2&#8243;][\/vc_column][\/vc_row]<!-- AddThis Advanced Settings generic via filter on get_the_excerpt --><!-- AddThis Share Buttons generic via filter on get_the_excerpt --><\/p>\n","protected":false},"author":1,"featured_media":0,"parent":0,"menu_order":0,"comment_status":"closed","ping_status":"closed","template":"","meta":[],"_links":{"self":[{"href":"http:\/\/enfant.com.mx\/index.php?rest_route=\/wp\/v2\/pages\/24"}],"collection":[{"href":"http:\/\/enfant.com.mx\/index.php?rest_route=\/wp\/v2\/pages"}],"about":[{"href":"http:\/\/enfant.com.mx\/index.php?rest_route=\/wp\/v2\/types\/page"}],"author":[{"embeddable":true,"href":"http:\/\/enfant.com.mx\/index.php?rest_route=\/wp\/v2\/users\/1"}],"replies":[{"embeddable":true,"href":"http:\/\/enfant.com.mx\/index.php?rest_route=%2Fwp%2Fv2%2Fcomments&post=24"}],"version-history":[{"count":11,"href":"http:\/\/enfant.com.mx\/index.php?rest_route=\/wp\/v2\/pages\/24\/revisions"}],"predecessor-version":[{"id":234,"href":"http:\/\/enfant.com.mx\/index.php?rest_route=\/wp\/v2\/pages\/24\/revisions\/234"}],"wp:attachment":[{"href":"http:\/\/enfant.com.mx\/index.php?rest_route=%2Fwp%2Fv2%2Fmedia&parent=24"}],"curies":[{"name":"wp","href":"https:\/\/api.w.org\/{rel}","templated":true}]}}