{"id":12,"date":"2018-06-19T16:29:55","date_gmt":"2018-06-19T16:29:55","guid":{"rendered":"http:\/\/enfant.com.mx\/?page_id=12"},"modified":"2021-02-08T17:15:11","modified_gmt":"2021-02-08T17:15:11","slug":"inicio-pagina-de-inicio","status":"publish","type":"page","link":"http:\/\/enfant.com.mx\/","title":{"rendered":"INICIO"},"content":{"rendered":"<p>[vc_row][vc_column width=&#8221;1\/1&#8243;]<div class=\"flexslider wpb_content_element\"><ul class=\"slides\"><li><img src=\"http:\/\/enfant.com.mx\/wp-content\/uploads\/2018\/09\/banner2.jpg\" alt=\"\" \/><\/li><li><img src=\"http:\/\/enfant.com.mx\/wp-content\/uploads\/2018\/07\/guarderia-2.jpg\" alt=\"\" \/><\/li><li><img src=\"http:\/\/enfant.com.mx\/wp-content\/uploads\/2018\/07\/imagen.jpg\" alt=\"\" \/><\/li><li><img src=\"http:\/\/enfant.com.mx\/wp-content\/uploads\/2021\/02\/ENFANT5.png\" alt=\"\" \/><\/li><\/ul><\/div>[vc_column_text]<\/p>\n<h2 style=\"margin: 0px; text-align: center;\"><strong><span style=\"color: #00077b;\">LA EXPERIENCIA NOS RESPALDA<\/span><\/strong><\/h2>\n<p style=\"text-align: center;\"><span style=\"color: #00077b;\"><strong>SOMOS TU MEJOR OPCI\u00d3N<\/strong><\/span><\/p>\n<p>[\/vc_column_text][\/vc_column][\/vc_row][vc_row][vc_column width=&#8221;1\/3&#8243;]<div class=\"single_image wpb_content_element align-left   \" data-animation=\"none\" data-delay=\"0\"><img width=\"262\" height=\"192\" src=\"http:\/\/enfant.com.mx\/wp-content\/uploads\/2018\/07\/images.jpg\" class=\"attachment-full\" alt=\"\" loading=\"lazy\" \/><\/div>[\/vc_column][vc_column width=&#8221;1\/3&#8243;][vc_column_text]<\/p>\n<h3 style=\"text-align: center;\"><strong>VISI\u00d3N<\/strong><\/h3>\n<p>Promover el desarrollo integral de los ni\u00f1os y ni\u00f1as mediante la aplicaci\u00f3n de modelos educativos vanguardistas con personal calificado que proporcione el servicio con calidad, respeto y calidez, en instalaciones seguras y funcionales.[\/vc_column_text][\/vc_column][vc_column width=&#8221;1\/3&#8243;][vc_column_text]<\/p>\n<h3 style=\"text-align: center;\"><strong>MISI\u00d3N<\/strong><\/h3>\n<p>Proporcionar a los ni\u00f1os de las madres trabajadoras elementos que favorezcan su desarrollo integral a trav\u00e9s de programas de alto valor educativo, nutricional, de prevenci\u00f3n y fomento a la salud.[\/vc_column_text][\/vc_column][\/vc_row][vc_row][vc_column width=&#8221;1\/1&#8243;]<div class=\"divider divider1\" style='margin:60px 0 60px 0 !important;'><\/div><div class=\"testimonial-slider-wrap wpb_content_element\"><div class=\"testimonial-slide\">La guarder\u00eda es muy segura<span>&#45; Tania Ortega <\/span><\/div><div class=\"testimonial-slide\">Personal bien capacitado <span>&#45; Cristina Moo- Ama de casa<\/span><\/div><div class=\"testimonial-slide\">La mejor guarder\u00eda del imss.<span>&#45; Priscila H Soto<\/span><\/div><div class=\"testimonial-slide\">Estamos muy contentos mi beb\u00e9 est\u00e1 desde lactantes B. muy buenas instalaciones, excelente la atenci\u00f3n del personal y muy capacitado, y los ni\u00f1os est\u00e1n muy bien cuidados y aprenden mucho! y van felices, La recomiendo mucho<span>&#45; Diego Polanco Hernandez<\/span><\/div><div class=\"testimonial-slide\">Buen trato gente capacitada, alimentaci\u00f3n sana y variada<span>&#45; Karen Azcuaga<\/span><\/div><div class=\"testimonial-slide\">Excelentes instalaciones y maestras capacitadas !todo muy bien\u00a1<span>&#45; <\/span><\/div><\/div>[\/vc_column][\/vc_row]<\/p>\n<!-- AddThis Advanced Settings generic via filter on the_content --><!-- AddThis Share Buttons generic via filter on the_content -->","protected":false},"excerpt":{"rendered":"<p>[vc_row][vc_column width=&#8221;1\/1&#8243;][vc_column_text] LA EXPERIENCIA NOS RESPALDA SOMOS TU MEJOR OPCI\u00d3N [\/vc_column_text][\/vc_column][\/vc_row][vc_row][vc_column width=&#8221;1\/3&#8243;][\/vc_column][vc_column width=&#8221;1\/3&#8243;][vc_column_text] VISI\u00d3N Promover el desarrollo integral de los ni\u00f1os y ni\u00f1as mediante la aplicaci\u00f3n de modelos educativos vanguardistas con personal calificado que proporcione el servicio con calidad, respeto y calidez, en instalaciones seguras y funcionales.[\/vc_column_text][\/vc_column][vc_column width=&#8221;1\/3&#8243;][vc_column_text] MISI\u00d3N Proporcionar a los ni\u00f1os de las madres trabajadoras elementos que favorezcan su desarrollo integral a trav\u00e9s de programas de alto valor educativo, nutricional, de prevenci\u00f3n y fomento a la salud.[\/vc_column_text][\/vc_column][\/vc_row][vc_row][vc_column width=&#8221;1\/1&#8243;][\/vc_column][\/vc_row]<!-- AddThis Advanced Settings generic via filter on get_the_excerpt --><!-- AddThis Share Buttons generic via filter on get_the_excerpt --><\/p>\n","protected":false},"author":1,"featured_media":0,"parent":0,"menu_order":0,"comment_status":"closed","ping_status":"closed","template":"","meta":[],"_links":{"self":[{"href":"http:\/\/enfant.com.mx\/index.php?rest_route=\/wp\/v2\/pages\/12"}],"collection":[{"href":"http:\/\/enfant.com.mx\/index.php?rest_route=\/wp\/v2\/pages"}],"about":[{"href":"http:\/\/enfant.com.mx\/index.php?rest_route=\/wp\/v2\/types\/page"}],"author":[{"embeddable":true,"href":"http:\/\/enfant.com.mx\/index.php?rest_route=\/wp\/v2\/users\/1"}],"replies":[{"embeddable":true,"href":"http:\/\/enfant.com.mx\/index.php?rest_route=%2Fwp%2Fv2%2Fcomments&post=12"}],"version-history":[{"count":26,"href":"http:\/\/enfant.com.mx\/index.php?rest_route=\/wp\/v2\/pages\/12\/revisions"}],"predecessor-version":[{"id":251,"href":"http:\/\/enfant.com.mx\/index.php?rest_route=\/wp\/v2\/pages\/12\/revisions\/251"}],"wp:attachment":[{"href":"http:\/\/enfant.com.mx\/index.php?rest_route=%2Fwp%2Fv2%2Fmedia&parent=12"}],"curies":[{"name":"wp","href":"https:\/\/api.w.org\/{rel}","templated":true}]}}